{"id":489,"date":"2016-04-12T17:47:52","date_gmt":"2016-04-12T17:47:52","guid":{"rendered":"http:\/\/www.radiosarabrasil.fm.br\/site\/?page_id=489"},"modified":"2018-05-09T18:25:31","modified_gmt":"2018-05-09T21:25:31","slug":"apps-da-sara","status":"publish","type":"page","link":"https:\/\/www.radiosarabrasil.fm.br\/site\/apps-da-sara\/","title":{"rendered":"APPS da Sara"},"content":{"rendered":"<p>Baixe nossos aplicativos no celular e tenha nossa programa\u00e7\u00e3o sempre nossa \u00e0 m\u00e3o!<\/p>\n<p><a href=\"https:\/\/itunes.apple.com\/us\/app\/r%C3%A1dio-sara-brasil-fm-107-5\/id1297979788?mt=8\" target=\"_blank\" rel=\"noopener\"><img decoding=\"async\" loading=\"lazy\" class=\"img-responsive\" src=\"http:\/\/www.radiosarabrasil.fm.br\/site\/wp-content\/uploads\/2018\/05\/ios.png\" alt=\"\" style=\"border: 0px !important\" width=\"800\" height=\"250\" \/><\/a><\/p>\n<p><a href=\"https:\/\/play.google.com\/store\/apps\/details?id=br.com.devmaker.sarabrasilfm107\" target=\"_blank\" rel=\"noopener\"><img decoding=\"async\" loading=\"lazy\" class=\"img-responsive\" src=\"http:\/\/www.radiosarabrasil.fm.br\/site\/wp-content\/uploads\/2018\/05\/android.png\" alt=\"\" style=\"border: 0px !important\" width=\"800\" height=\"250\" \/><\/a><\/p>\n","protected":false},"excerpt":{"rendered":"<p>Baixe nossos aplicativos no celular e tenha nossa programa\u00e7\u00e3o sempre nossa \u00e0 m\u00e3o!<\/p>\n","protected":false},"author":1,"featured_media":0,"parent":0,"menu_order":0,"comment_status":"closed","ping_status":"closed","template":"apps.php","meta":[],"acf":[],"_links":{"self":[{"href":"https:\/\/www.radiosarabrasil.fm.br\/site\/wp-json\/wp\/v2\/pages\/489"}],"collection":[{"href":"https:\/\/www.radiosarabrasil.fm.br\/site\/wp-json\/wp\/v2\/pages"}],"about":[{"href":"https:\/\/www.radiosarabrasil.fm.br\/site\/wp-json\/wp\/v2\/types\/page"}],"author":[{"embeddable":true,"href":"https:\/\/www.radiosarabrasil.fm.br\/site\/wp-json\/wp\/v2\/users\/1"}],"replies":[{"embeddable":true,"href":"https:\/\/www.radiosarabrasil.fm.br\/site\/wp-json\/wp\/v2\/comments?post=489"}],"version-history":[{"count":4,"href":"https:\/\/www.radiosarabrasil.fm.br\/site\/wp-json\/wp\/v2\/pages\/489\/revisions"}],"predecessor-version":[{"id":4128,"href":"https:\/\/www.radiosarabrasil.fm.br\/site\/wp-json\/wp\/v2\/pages\/489\/revisions\/4128"}],"wp:attachment":[{"href":"https:\/\/www.radiosarabrasil.fm.br\/site\/wp-json\/wp\/v2\/media?parent=489"}],"curies":[{"name":"wp","href":"https:\/\/api.w.org\/{rel}","templated":true}]}}